{"id":24,"date":"2014-04-27T20:02:48","date_gmt":"2014-04-27T18:02:48","guid":{"rendered":"http:\/\/dasjudoforum.de\/lenste\/?page_id=24"},"modified":"2025-07-05T10:40:14","modified_gmt":"2025-07-05T08:40:14","slug":"packliste","status":"publish","type":"page","link":"https:\/\/www.lenste-tagebuch.de\/wp\/lenste\/packliste\/","title":{"rendered":"Packliste"},"content":{"rendered":"<p>Hier geht&#8217;s zum <a href=\"https:\/\/www.lenste-tagebuch.de\/wp\/wp-content\/uploads\/2025\/07\/Lenste_Packliste_hell_2025.pdf.pdf\">download<\/a>:&nbsp;<\/p>\n<a href=\"https:\/\/www.lenste-tagebuch.de\/wp\/wp-content\/uploads\/2025\/07\/Lenste_Packliste_hell_2025.pdf.pdf\" class=\"pdfemb-viewer\" style=\"\" data-width=\"max\" data-height=\"max\" data-toolbar=\"bottom\" data-toolbar-fixed=\"off\">Lenste_Packliste_hell_2025.pdf<\/a>\n<p>&nbsp;<\/p>\n<p>Als kleine Hilfe f\u00fcr das Kofferpacken haben wir auch in diesem Jahr wieder eine Packliste f\u00fcr die zwei Wochen an der Ostsee vorbereitet. Diese kannst Du \u00fcber den Download Link am Anfang dieser Seite herunterladen.<\/p>\n<p>Wir m\u00f6chten noch einmal darauf hinweisen, dass folgende Sachen unbedingt mitgenommen werden sollten:<\/p>\n<ul>\n<li>Schlafsack<\/li>\n<li>Bettlaken<\/li>\n<li>wetterfeste Kleidung, insbesondere Regenjacke und festes Schuhwerk<\/li>\n<li>Krankenkassenkarte<\/li>\n<li>Hansapark-Geld (38\u20ac)<\/li>\n<\/ul>\n<p>Au\u00dferdem empfehlen wir die Mitnahme einer Taschenlampe, die f\u00fcr eine Veranstaltung ben\u00f6tigt wird, sowie eine &#8222;mottogerechte&#8220; Verkleidung. Dieses Jahr, 2025, ist unser Motto an Star Wars angelehnt.&nbsp;<\/p>\n<p>Und noch ein kleiner Tipp an die Eltern:<\/p>\n<p>Sollten Sie, liebe Eltern, Ihren Kindern f\u00fcr Lenste neue Kleidung kaufen, so zeigen Sie diese Ihren Kindern auch unbedingt bevor Sie sie in den Koffer packen. Noch besser w\u00e4re sogar eine Kennzeichnung mit dem Namen auf dem Produktschild. Erfahrungsgem\u00e4\u00df wissen einige Kinder im Zeltlager nicht (mehr), dass es sich bei der Kleidung, die bei uns oben auf dem Fundtisch landet, um ihre Kleidung handelt. Beugen Sie dem bitte vor und<\/p>\n<p>viel Spa\u00df beim Packen! \ud83d\ude09<\/p>\n","protected":false},"excerpt":{"rendered":"<p>Hier geht&#8217;s zum download:&nbsp; &nbsp; Als kleine Hilfe f\u00fcr das Kofferpacken haben wir auch in diesem Jahr wieder eine Packliste f\u00fcr die zwei Wochen an der Ostsee vorbereitet. Diese kannst Du \u00fcber den Download Link am Anfang dieser Seite herunterladen. Wir m\u00f6chten noch einmal darauf hinweisen, dass folgende Sachen unbedingt mitgenommen werden sollten: Schlafsack Bettlaken [&hellip;]<\/p>\n","protected":false},"author":1,"featured_media":59566,"parent":16,"menu_order":0,"comment_status":"closed","ping_status":"open","template":"","meta":{"ngg_post_thumbnail":0,"footnotes":""},"class_list":["post-24","page","type-page","status-publish","has-post-thumbnail","hentry"],"_links":{"self":[{"href":"https:\/\/www.lenste-tagebuch.de\/wp\/wp-json\/wp\/v2\/pages\/24","targetHints":{"allow":["GET"]}}],"collection":[{"href":"https:\/\/www.lenste-tagebuch.de\/wp\/wp-json\/wp\/v2\/pages"}],"about":[{"href":"https:\/\/www.lenste-tagebuch.de\/wp\/wp-json\/wp\/v2\/types\/page"}],"author":[{"embeddable":true,"href":"https:\/\/www.lenste-tagebuch.de\/wp\/wp-json\/wp\/v2\/users\/1"}],"replies":[{"embeddable":true,"href":"https:\/\/www.lenste-tagebuch.de\/wp\/wp-json\/wp\/v2\/comments?post=24"}],"version-history":[{"count":64,"href":"https:\/\/www.lenste-tagebuch.de\/wp\/wp-json\/wp\/v2\/pages\/24\/revisions"}],"predecessor-version":[{"id":59581,"href":"https:\/\/www.lenste-tagebuch.de\/wp\/wp-json\/wp\/v2\/pages\/24\/revisions\/59581"}],"up":[{"embeddable":true,"href":"https:\/\/www.lenste-tagebuch.de\/wp\/wp-json\/wp\/v2\/pages\/16"}],"wp:featuredmedia":[{"embeddable":true,"href":"https:\/\/www.lenste-tagebuch.de\/wp\/wp-json\/wp\/v2\/media\/59566"}],"wp:attachment":[{"href":"https:\/\/www.lenste-tagebuch.de\/wp\/wp-json\/wp\/v2\/media?parent=24"}],"curies":[{"name":"wp","href":"https:\/\/api.w.org\/{rel}","templated":true}]}}