{"id":11,"date":"2014-04-27T19:50:36","date_gmt":"2014-04-27T17:50:36","guid":{"rendered":"http:\/\/dasjudoforum.de\/lenste\/?page_id=11"},"modified":"2017-07-24T21:37:28","modified_gmt":"2017-07-24T19:37:28","slug":"startseite-tagebuch","status":"publish","type":"page","link":"https:\/\/www.lenste-tagebuch.de\/wp\/startseite-tagebuch\/","title":{"rendered":"Startseite"},"content":{"rendered":"<h1>&nbsp;&nbsp;<\/h1>\n<h1 style=\"text-align: center;\"><img loading=\"lazy\" decoding=\"async\" class=\"size-full wp-image-18508 aligncenter\" src=\"https:\/\/www.lenste-tagebuch.de\/wp\/wp-content\/uploads\/2017\/07\/Wir-sagen-Danke.png\" alt=\"\" width=\"2113\" height=\"359\" srcset=\"https:\/\/www.lenste-tagebuch.de\/wp\/wp-content\/uploads\/2017\/07\/Wir-sagen-Danke.png 2113w, https:\/\/www.lenste-tagebuch.de\/wp\/wp-content\/uploads\/2017\/07\/Wir-sagen-Danke-300x51.png 300w, https:\/\/www.lenste-tagebuch.de\/wp\/wp-content\/uploads\/2017\/07\/Wir-sagen-Danke-768x130.png 768w, https:\/\/www.lenste-tagebuch.de\/wp\/wp-content\/uploads\/2017\/07\/Wir-sagen-Danke-1024x174.png 1024w\" sizes=\"auto, (max-width: 2113px) 100vw, 2113px\" \/><\/h1>\n<h4>&nbsp;<\/h4>\n<p>&nbsp;<\/p>\n<h4>Wir m\u00f6chten uns bei Ihnen und Euch f\u00fcr das entgegengebrachte Vertrauen bedanken. Wir hoffen, dass es uns gelungen ist, eine abwechslungsreiche, spannende und unterhaltsame Freizeit f\u00fcr die Kinder und Jugendlichen zu gestalten und freuen uns darauf, viele von Euch im n\u00e4chsten Jahr wieder begr\u00fc\u00dfen zu d\u00fcrfen.<\/h4>\n<h4>Die Planungen f\u00fcr das n\u00e4chste Jahr sind bereits angelaufen und der Countdown f\u00fcr Lenste 2018 l\u00e4uft bereits \ud83d\ude42<\/h4>\n<p>&nbsp;<\/p>\n<h3 style=\"text-align: center;\"><span style=\"color: #ff0000;\">F\u00fcr euren Kalender: Im n\u00e4chsten Jahr fahren wir vom 04.07.2018 bis 18.07.2018 nach Lenste !<\/span><\/h3>\n<p>&nbsp;<\/p>\n<h4>&nbsp;P.S. Wer Lust hat als Betreuer oder Neigi 2018 mitzufahren, findet auf der Seite <a href=\"https:\/\/www.lenste-tagebuch.de\/wp\/betreuer-werden\/\">&#8222;Betreuer werden?&#8220;<\/a> viele Informationen.<\/h4>\n<h3>&nbsp;<\/h3>\n<h3 style=\"text-align: center;\">&nbsp;&nbsp;<\/h3>\n<h3>&nbsp;<\/h3>\n<p>&nbsp;<\/p>\n<p style=\"text-align: center;\">Aktuelle Neuigkeiten zu unseren Ferienfahrten und Events findet Ihr auf <a href=\"http:\/\/www.sportjugend-braunschweig.de\">www.sportjugend-braunschweig.de<\/a><\/p>\n<p><a href=\"http:\/\/www.sportjugend-braunschweig.de\" target=\"_blank\" rel=\"noopener\"><img loading=\"lazy\" decoding=\"async\" class=\"size-full wp-image-18532 aligncenter\" src=\"https:\/\/www.lenste-tagebuch.de\/wp\/wp-content\/uploads\/2017\/07\/sj_BS_logo.png\" alt=\"\" width=\"300\" height=\"128\"><\/a><\/p>\n<p>&nbsp;<\/p>\n","protected":false},"excerpt":{"rendered":"<p>&nbsp;&nbsp; &nbsp; &nbsp; Wir m\u00f6chten uns bei Ihnen und Euch f\u00fcr das entgegengebrachte Vertrauen bedanken. Wir hoffen, dass es uns gelungen ist, eine abwechslungsreiche, spannende und unterhaltsame Freizeit f\u00fcr die Kinder und Jugendlichen zu gestalten und freuen uns darauf, viele von Euch im n\u00e4chsten Jahr wieder begr\u00fc\u00dfen zu d\u00fcrfen. Die Planungen f\u00fcr das n\u00e4chste Jahr [&hellip;]<\/p>\n","protected":false},"author":1,"featured_media":0,"parent":0,"menu_order":50,"comment_status":"closed","ping_status":"closed","template":"","meta":{"ngg_post_thumbnail":0,"footnotes":""},"class_list":["post-11","page","type-page","status-publish","hentry"],"_links":{"self":[{"href":"https:\/\/www.lenste-tagebuch.de\/wp\/wp-json\/wp\/v2\/pages\/11","targetHints":{"allow":["GET"]}}],"collection":[{"href":"https:\/\/www.lenste-tagebuch.de\/wp\/wp-json\/wp\/v2\/pages"}],"about":[{"href":"https:\/\/www.lenste-tagebuch.de\/wp\/wp-json\/wp\/v2\/types\/page"}],"author":[{"embeddable":true,"href":"https:\/\/www.lenste-tagebuch.de\/wp\/wp-json\/wp\/v2\/users\/1"}],"replies":[{"embeddable":true,"href":"https:\/\/www.lenste-tagebuch.de\/wp\/wp-json\/wp\/v2\/comments?post=11"}],"version-history":[{"count":202,"href":"https:\/\/www.lenste-tagebuch.de\/wp\/wp-json\/wp\/v2\/pages\/11\/revisions"}],"predecessor-version":[{"id":18533,"href":"https:\/\/www.lenste-tagebuch.de\/wp\/wp-json\/wp\/v2\/pages\/11\/revisions\/18533"}],"wp:attachment":[{"href":"https:\/\/www.lenste-tagebuch.de\/wp\/wp-json\/wp\/v2\/media?parent=11"}],"curies":[{"name":"wp","href":"https:\/\/api.w.org\/{rel}","templated":true}]}}